{"id":57,"date":"2023-02-05T12:59:09","date_gmt":"2023-02-05T11:59:09","guid":{"rendered":"https:\/\/szczepara.com\/?page_id=57"},"modified":"2023-02-05T13:13:26","modified_gmt":"2023-02-05T12:13:26","slug":"adwokaci","status":"publish","type":"page","link":"https:\/\/szczepara.com\/index.php\/adwokaci\/","title":{"rendered":"Adwokaci"},"content":{"rendered":"\t\t<div data-elementor-type=\"wp-page\" data-elementor-id=\"57\" class=\"elementor elementor-57\">\n\t\t\t\t\t\t<section class=\"elementor-section elementor-top-section elementor-element elementor-element-73c96a6 elementor-section-boxed elementor-section-height-default elementor-section-height-default\" data-id=\"73c96a6\" data-element_type=\"section\" data-e-type=\"section\">\n\t\t\t\t\t\t<div class=\"elementor-container elementor-column-gap-default\">\n\t\t\t\t\t<div class=\"elementor-column elementor-col-100 elementor-top-column elementor-element elementor-element-bd7b84e\" data-id=\"bd7b84e\" data-element_type=\"column\" data-e-type=\"column\">\n\t\t\t<div class=\"elementor-widget-wrap elementor-element-populated\">\n\t\t\t\t\t\t<div class=\"elementor-element elementor-element-b3957ac elementor-widget elementor-widget-text-editor\" data-id=\"b3957ac\" data-element_type=\"widget\" data-e-type=\"widget\" data-widget_type=\"text-editor.default\">\n\t\t\t\t<div class=\"elementor-widget-container\">\n\t\t\t\t\t\t\t\t\t<h2>Adwokaci<\/h2>\t\t\t\t\t\t\t\t<\/div>\n\t\t\t\t<\/div>\n\t\t\t\t\t<\/div>\n\t\t<\/div>\n\t\t\t\t\t<\/div>\n\t\t<\/section>\n\t\t\t\t<section class=\"elementor-section elementor-top-section elementor-element elementor-element-12b52da elementor-section-boxed elementor-section-height-default elementor-section-height-default\" data-id=\"12b52da\" data-element_type=\"section\" data-e-type=\"section\">\n\t\t\t\t\t\t<div class=\"elementor-container elementor-column-gap-default\">\n\t\t\t\t\t<div class=\"elementor-column elementor-col-100 elementor-top-column elementor-element elementor-element-9afdaab\" data-id=\"9afdaab\" data-element_type=\"column\" data-e-type=\"column\">\n\t\t\t<div class=\"elementor-widget-wrap elementor-element-populated\">\n\t\t\t\t\t\t<div class=\"elementor-element elementor-element-c8ccf3a elementor-position-left elementor-vertical-align-top elementor-widget elementor-widget-image-box\" data-id=\"c8ccf3a\" data-element_type=\"widget\" data-e-type=\"widget\" data-widget_type=\"image-box.default\">\n\t\t\t\t<div class=\"elementor-widget-container\">\n\t\t\t\t\t<div class=\"elementor-image-box-wrapper\"><figure class=\"elementor-image-box-img\"><img fetchpriority=\"high\" decoding=\"async\" width=\"567\" height=\"800\" src=\"https:\/\/szczepara.com\/wp-content\/uploads\/2023\/02\/Adwokat_Monika_Szczepara.jpg\" class=\"attachment-full size-full wp-image-59\" alt=\"\" srcset=\"https:\/\/szczepara.com\/wp-content\/uploads\/2023\/02\/Adwokat_Monika_Szczepara.jpg 567w, https:\/\/szczepara.com\/wp-content\/uploads\/2023\/02\/Adwokat_Monika_Szczepara-213x300.jpg 213w\" sizes=\"(max-width: 567px) 100vw, 567px\" \/><\/figure><div class=\"elementor-image-box-content\"><h2 class=\"elementor-image-box-title\">Adwokat Monika Szczepara<\/h2><p class=\"elementor-image-box-description\">Adwokat Monika Szczepara w 2002 roku uko\u0144czy\u0142a studia prawnicze na Wydziale Prawa i Administracji Uniwersytetu Jagiello\u0144skiego w Krakowie.\u00a0\nOdby\u0142a aplikacj\u0119 adwokack\u0105 w Izbie Adwokackiej w Katowicach zako\u0144czon\u0105 egzaminem adwokackim w pa\u017adzierniku 2009 roku.\nW 2010 roku adwokat Monika Szczepara uko\u0144czy\u0142a studia doktoranckie na Wydziale Prawa i Administracji Uniwersytetu \u015al\u0105skiego.\u00a0\nW lipcu 2010 roku rozpocz\u0119\u0142a wykonywanie zawodu adwokata w ramach indywidualnej praktyki.\nW 2020 roku adwokat Monika Szczepara uko\u0144czy\u0142a kurs dla mediator\u00f3w organizowany przez Izb\u0119 Adwokack\u0105 w Katowicach oraz zosta\u0142a wpisana na list\u0119 mediator\u00f3w przy Naczelnej Radzie Adwokackiej w Katowicach.\nW listopadzie 2021 roku adwokat Monika Szczepara uko\u0144czy\u0142a studia podyplomowe z prawa zam\u00f3wie\u0144 publicznych na Wydziale Prawa i Administracji Uniwersytetu Jagiello\u0144skiego.\nAdwokat Monika Szczepara zajmuje si\u0119 przede wszystkim prowadzeniem spraw z zakresu prawa rodzinnego, cywilnego, karnego oraz karnego wykonawczego, prawa zam\u00f3wie\u0144 publicznych, prawa pracy, prowadzeniem spraw rozwodowych, ubezpieczeniowych oraz spraw gospodarczych.\nAdwokat Monika Szczepara pos\u0142uguje si\u0119 j\u0119zykiem angielskim.<\/p><\/div><\/div>\t\t\t\t<\/div>\n\t\t\t\t<\/div>\n\t\t\t\t\t<\/div>\n\t\t<\/div>\n\t\t\t\t\t<\/div>\n\t\t<\/section>\n\t\t\t\t<\/div>\n\t\t","protected":false},"excerpt":{"rendered":"<p>Adwokaci Adwokat Monika Szczepara Adwokat Monika Szczepara w 2002 roku uko\u0144czy\u0142a studia prawnicze na Wydziale Prawa i Administracji Uniwersytetu Jagiello\u0144skiego w Krakowie.\u00a0 Odby\u0142a aplikacj\u0119 adwokack\u0105 w Izbie Adwokackiej w Katowicach zako\u0144czon\u0105 egzaminem adwokackim w pa\u017adzierniku 2009 roku. W 2010 roku adwokat Monika Szczepara uko\u0144czy\u0142a studia doktoranckie na Wydziale Prawa i Administracji Uniwersytetu \u015al\u0105skiego.\u00a0 W lipcu&hellip;&nbsp;<a href=\"https:\/\/szczepara.com\/index.php\/adwokaci\/\" class=\"\" rel=\"bookmark\">Czytaj dalej &raquo;<span class=\"screen-reader-text\">Adwokaci<\/span><\/a><\/p>\n","protected":false},"author":1,"featured_media":0,"parent":0,"menu_order":0,"comment_status":"closed","ping_status":"closed","template":"page-templates\/template-pagebuilder-full-width.php","meta":{"neve_meta_sidebar":"","neve_meta_container":"","neve_meta_enable_content_width":"off","neve_meta_content_width":100,"neve_meta_title_alignment":"","neve_meta_author_avatar":"","neve_post_elements_order":"","neve_meta_disable_header":"","neve_meta_disable_footer":"","neve_meta_disable_title":"","footnotes":""},"class_list":["post-57","page","type-page","status-publish","hentry"],"_links":{"self":[{"href":"https:\/\/szczepara.com\/index.php\/wp-json\/wp\/v2\/pages\/57","targetHints":{"allow":["GET"]}}],"collection":[{"href":"https:\/\/szczepara.com\/index.php\/wp-json\/wp\/v2\/pages"}],"about":[{"href":"https:\/\/szczepara.com\/index.php\/wp-json\/wp\/v2\/types\/page"}],"author":[{"embeddable":true,"href":"https:\/\/szczepara.com\/index.php\/wp-json\/wp\/v2\/users\/1"}],"replies":[{"embeddable":true,"href":"https:\/\/szczepara.com\/index.php\/wp-json\/wp\/v2\/comments?post=57"}],"version-history":[{"count":10,"href":"https:\/\/szczepara.com\/index.php\/wp-json\/wp\/v2\/pages\/57\/revisions"}],"predecessor-version":[{"id":70,"href":"https:\/\/szczepara.com\/index.php\/wp-json\/wp\/v2\/pages\/57\/revisions\/70"}],"wp:attachment":[{"href":"https:\/\/szczepara.com\/index.php\/wp-json\/wp\/v2\/media?parent=57"}],"curies":[{"name":"wp","href":"https:\/\/api.w.org\/{rel}","templated":true}]}}