{"id":77,"date":"2023-02-05T13:19:15","date_gmt":"2023-02-05T12:19:15","guid":{"rendered":"https:\/\/szczepara.com\/?page_id=77"},"modified":"2023-02-05T13:21:26","modified_gmt":"2023-02-05T12:21:26","slug":"zakres-uslug","status":"publish","type":"page","link":"https:\/\/szczepara.com\/index.php\/zakres-uslug\/","title":{"rendered":"Zakres us\u0142ug"},"content":{"rendered":"\t\t<div data-elementor-type=\"wp-page\" data-elementor-id=\"77\" class=\"elementor elementor-77\">\n\t\t\t\t\t\t<section class=\"elementor-section elementor-top-section elementor-element elementor-element-3eaa679 elementor-section-boxed elementor-section-height-default elementor-section-height-default\" data-id=\"3eaa679\" data-element_type=\"section\" data-e-type=\"section\">\n\t\t\t\t\t\t<div class=\"elementor-container elementor-column-gap-default\">\n\t\t\t\t\t<div class=\"elementor-column elementor-col-100 elementor-top-column elementor-element elementor-element-5f9e08e\" data-id=\"5f9e08e\" data-element_type=\"column\" data-e-type=\"column\">\n\t\t\t<div class=\"elementor-widget-wrap elementor-element-populated\">\n\t\t\t\t\t\t<div class=\"elementor-element elementor-element-7fb48f8 elementor-widget elementor-widget-text-editor\" data-id=\"7fb48f8\" data-element_type=\"widget\" data-e-type=\"widget\" data-widget_type=\"text-editor.default\">\n\t\t\t\t<div class=\"elementor-widget-container\">\n\t\t\t\t\t\t\t\t\t<h2>Zakres us\u0142ug<\/h2>\t\t\t\t\t\t\t\t<\/div>\n\t\t\t\t<\/div>\n\t\t\t\t\t<\/div>\n\t\t<\/div>\n\t\t\t\t\t<\/div>\n\t\t<\/section>\n\t\t\t\t<section class=\"elementor-section elementor-top-section elementor-element elementor-element-42d8a10 elementor-section-boxed elementor-section-height-default elementor-section-height-default\" data-id=\"42d8a10\" data-element_type=\"section\" data-e-type=\"section\">\n\t\t\t\t\t\t<div class=\"elementor-container elementor-column-gap-default\">\n\t\t\t\t\t<div class=\"elementor-column elementor-col-100 elementor-top-column elementor-element elementor-element-aa91c4a\" data-id=\"aa91c4a\" data-element_type=\"column\" data-e-type=\"column\">\n\t\t\t<div class=\"elementor-widget-wrap elementor-element-populated\">\n\t\t\t\t\t\t<div class=\"elementor-element elementor-element-c4f2ea8 elementor-widget elementor-widget-text-editor\" data-id=\"c4f2ea8\" data-element_type=\"widget\" data-e-type=\"widget\" data-widget_type=\"text-editor.default\">\n\t\t\t\t<div class=\"elementor-widget-container\">\n\t\t\t\t\t\t\t\t\t<p>Kancelaria Adwokacka adwokat Moniki Szczepara \u015bwiadczy obs\u0142ug\u0119 prawn\u0105 w pe\u0142nym zakresie. Ze wzgl\u0119du na dynamicznie rosn\u0105ce potrzeby i wymagania naszych Klient\u00f3w koncentrujemy si\u0119 g\u0142\u00f3wnie na nast\u0119puj\u0105cych dziedzinach prawa:<\/p><ul><li>prawie rodzinnym,<\/li><li>prawie cywilnym i prawie gospodarczym,<\/li><li>prawie karnym i prawie karnym wykonawczym,<\/li><li>prawie zam\u00f3wie\u0144 publicznych,<\/li><li>prawie pracy,<\/li><li>prawie ubezpiecze\u0144 spo\u0142ecznych,<\/li><li>prawie budowlanym,<\/li><li>prawie nieruchomo\u015bci,<\/li><li>prawie w\u0142asno\u015bci intelektualnej,<\/li><li>prawie prasowym.<\/li><\/ul>\t\t\t\t\t\t\t\t<\/div>\n\t\t\t\t<\/div>\n\t\t\t\t\t<\/div>\n\t\t<\/div>\n\t\t\t\t\t<\/div>\n\t\t<\/section>\n\t\t\t\t<\/div>\n\t\t","protected":false},"excerpt":{"rendered":"<p>Zakres us\u0142ug Kancelaria Adwokacka adwokat Moniki Szczepara \u015bwiadczy obs\u0142ug\u0119 prawn\u0105 w pe\u0142nym zakresie. Ze wzgl\u0119du na dynamicznie rosn\u0105ce potrzeby i wymagania naszych Klient\u00f3w koncentrujemy si\u0119 g\u0142\u00f3wnie na nast\u0119puj\u0105cych dziedzinach prawa: prawie rodzinnym, prawie cywilnym i prawie gospodarczym, prawie karnym i prawie karnym wykonawczym, prawie zam\u00f3wie\u0144 publicznych, prawie pracy, prawie ubezpiecze\u0144 spo\u0142ecznych, prawie budowlanym, prawie nieruchomo\u015bci,&hellip;&nbsp;<a href=\"https:\/\/szczepara.com\/index.php\/zakres-uslug\/\" class=\"\" rel=\"bookmark\">Czytaj dalej &raquo;<span class=\"screen-reader-text\">Zakres us\u0142ug<\/span><\/a><\/p>\n","protected":false},"author":1,"featured_media":0,"parent":0,"menu_order":0,"comment_status":"closed","ping_status":"closed","template":"page-templates\/template-pagebuilder-full-width.php","meta":{"neve_meta_sidebar":"","neve_meta_container":"","neve_meta_enable_content_width":"off","neve_meta_content_width":100,"neve_meta_title_alignment":"","neve_meta_author_avatar":"","neve_post_elements_order":"","neve_meta_disable_header":"","neve_meta_disable_footer":"","neve_meta_disable_title":"","footnotes":""},"class_list":["post-77","page","type-page","status-publish","hentry"],"_links":{"self":[{"href":"https:\/\/szczepara.com\/index.php\/wp-json\/wp\/v2\/pages\/77","targetHints":{"allow":["GET"]}}],"collection":[{"href":"https:\/\/szczepara.com\/index.php\/wp-json\/wp\/v2\/pages"}],"about":[{"href":"https:\/\/szczepara.com\/index.php\/wp-json\/wp\/v2\/types\/page"}],"author":[{"embeddable":true,"href":"https:\/\/szczepara.com\/index.php\/wp-json\/wp\/v2\/users\/1"}],"replies":[{"embeddable":true,"href":"https:\/\/szczepara.com\/index.php\/wp-json\/wp\/v2\/comments?post=77"}],"version-history":[{"count":4,"href":"https:\/\/szczepara.com\/index.php\/wp-json\/wp\/v2\/pages\/77\/revisions"}],"predecessor-version":[{"id":81,"href":"https:\/\/szczepara.com\/index.php\/wp-json\/wp\/v2\/pages\/77\/revisions\/81"}],"wp:attachment":[{"href":"https:\/\/szczepara.com\/index.php\/wp-json\/wp\/v2\/media?parent=77"}],"curies":[{"name":"wp","href":"https:\/\/api.w.org\/{rel}","templated":true}]}}